{"id":710,"date":"2019-12-18T08:48:40","date_gmt":"2019-12-18T08:48:40","guid":{"rendered":"https:\/\/esys.lv\/apmacibas\/"},"modified":"2020-09-03T14:41:58","modified_gmt":"2020-09-03T14:41:58","slug":"study-courses","status":"publish","type":"page","link":"https:\/\/esys.lv\/en\/study-courses\/","title":{"rendered":"Study courses"},"content":{"rendered":"<p><b>Veicam specializ\u0113tas apm\u0101c\u012bbas:<\/b><\/p>\n<ul>\n<li>B\u012bstamo un pies\u0101r\u0146ojo\u0161o kravu aprit\u0113 ost\u0101s;<\/li>\n<li>Av\u0101rijas seku likvid\u0101cij\u0101;<\/li>\n<li>Bono\u0161an\u0101;<\/li>\n<li>Tauvo\u0161an\u0101.<\/li>\n<\/ul>\n<p>K\u0101 ar\u012b veicam individu\u0101li izstr\u0101d\u0101tu apm\u0101c\u012bbu programmu<\/p>\n","protected":false},"excerpt":{"rendered":"<p>Veicam specializ\u0113tas apm\u0101c\u012bbas: B\u012bstamo un pies\u0101r\u0146ojo\u0161o kravu aprit\u0113 ost\u0101s; Av\u0101rijas seku likvid\u0101cij\u0101; Bono\u0161an\u0101; Tauvo\u0161an\u0101. K\u0101 ar\u012b veicam individu\u0101li izstr\u0101d\u0101tu apm\u0101c\u012bbu programmu<\/p>\n","protected":false},"author":1,"featured_media":0,"parent":0,"menu_order":0,"comment_status":"closed","ping_status":"closed","template":"courses.php","meta":{"_acf_changed":false,"inline_featured_image":false,"footnotes":""},"class_list":["post-710","page","type-page","status-publish","hentry"],"acf":[],"aioseo_notices":[],"_links":{"self":[{"href":"https:\/\/esys.lv\/en\/wp-json\/wp\/v2\/pages\/710","targetHints":{"allow":["GET"]}}],"collection":[{"href":"https:\/\/esys.lv\/en\/wp-json\/wp\/v2\/pages"}],"about":[{"href":"https:\/\/esys.lv\/en\/wp-json\/wp\/v2\/types\/page"}],"author":[{"embeddable":true,"href":"https:\/\/esys.lv\/en\/wp-json\/wp\/v2\/users\/1"}],"replies":[{"embeddable":true,"href":"https:\/\/esys.lv\/en\/wp-json\/wp\/v2\/comments?post=710"}],"version-history":[{"count":2,"href":"https:\/\/esys.lv\/en\/wp-json\/wp\/v2\/pages\/710\/revisions"}],"predecessor-version":[{"id":1141,"href":"https:\/\/esys.lv\/en\/wp-json\/wp\/v2\/pages\/710\/revisions\/1141"}],"wp:attachment":[{"href":"https:\/\/esys.lv\/en\/wp-json\/wp\/v2\/media?parent=710"}],"curies":[{"name":"wp","href":"https:\/\/api.w.org\/{rel}","templated":true}]}}